{"id":59,"date":"2024-09-12T16:28:45","date_gmt":"2024-09-12T16:28:45","guid":{"rendered":"https:\/\/sim-reactor.com\/impressum\/"},"modified":"2025-10-24T19:31:02","modified_gmt":"2025-10-24T17:31:02","slug":"imprint","status":"publish","type":"page","link":"https:\/\/sim-reactor.com\/de\/imprint\/","title":{"rendered":"Impressum"},"content":{"rendered":"<div data-elementor-type=\"wp-page\" data-elementor-id=\"59\" class=\"elementor elementor-59\" data-elementor-post-type=\"page\">\n\t\t\t\t<div class=\"elementor-element elementor-element-80440cc e-flex e-con-boxed e-con e-parent\" data-id=\"80440cc\" data-element_type=\"container\" data-e-type=\"container\">\n\t\t\t\t\t<div class=\"e-con-inner\">\n\t\t\t\t<div class=\"elementor-element elementor-element-0f9885a elementor-widget elementor-widget-heading\" data-id=\"0f9885a\" data-element_type=\"widget\" data-e-type=\"widget\" data-widget_type=\"heading.default\">\n\t\t\t\t<div class=\"elementor-widget-container\">\n\t\t\t\t\t<h2 class=\"elementor-heading-title elementor-size-default\">Imprint \/ Impressum<\/h2>\t\t\t\t<\/div>\n\t\t\t\t<\/div>\n\t\t\t\t<div class=\"elementor-element elementor-element-12ab709 elementor-widget elementor-widget-text-editor\" data-id=\"12ab709\" data-element_type=\"widget\" data-e-type=\"widget\" data-widget_type=\"text-editor.default\">\n\t\t\t\t<div class=\"elementor-widget-container\">\n\t\t\t\t\t\t\t\t\t<p>microheld UG (haftungsbeschr\u00e4nkt)<\/p><p>Stadtstra\u00dfe 16<\/p><p>36151 Burghaun<\/p><p>Deutschland<\/p><p>Mail: post@microheld.de<\/p><p>Vertretungsberechtigter: Yunus G\u00fczeloglu<\/p><p>Handelsregister: Amtsgericht Fulda, HRB 7829<\/p><p>Umsatzsteuer-Identifikationsnummer: DE333217582<\/p>\t\t\t\t\t\t\t\t<\/div>\n\t\t\t\t<\/div>\n\t\t\t\t\t<\/div>\n\t\t\t\t<\/div>\n\t\t\t\t<\/div>","protected":false},"excerpt":{"rendered":"<p>Imprint \/ Impressum microheld UG (haftungsbeschr\u00e4nkt) Stadtstra\u00dfe 16 36151 Burghaun Deutschland Mail: post@microheld.de Vertretungsberechtigter: Yunus G\u00fczeloglu Handelsregister: Amtsgericht Fulda, HRB 7829 Umsatzsteuer-Identifikationsnummer: DE333217582<\/p>","protected":false},"author":1,"featured_media":0,"parent":0,"menu_order":0,"comment_status":"closed","ping_status":"closed","template":"","meta":{"footnotes":""},"class_list":["post-59","page","type-page","status-publish","hentry"],"_links":{"self":[{"href":"https:\/\/sim-reactor.com\/de\/wp-json\/wp\/v2\/pages\/59","targetHints":{"allow":["GET"]}}],"collection":[{"href":"https:\/\/sim-reactor.com\/de\/wp-json\/wp\/v2\/pages"}],"about":[{"href":"https:\/\/sim-reactor.com\/de\/wp-json\/wp\/v2\/types\/page"}],"author":[{"embeddable":true,"href":"https:\/\/sim-reactor.com\/de\/wp-json\/wp\/v2\/users\/1"}],"replies":[{"embeddable":true,"href":"https:\/\/sim-reactor.com\/de\/wp-json\/wp\/v2\/comments?post=59"}],"version-history":[{"count":13,"href":"https:\/\/sim-reactor.com\/de\/wp-json\/wp\/v2\/pages\/59\/revisions"}],"predecessor-version":[{"id":1023,"href":"https:\/\/sim-reactor.com\/de\/wp-json\/wp\/v2\/pages\/59\/revisions\/1023"}],"wp:attachment":[{"href":"https:\/\/sim-reactor.com\/de\/wp-json\/wp\/v2\/media?parent=59"}],"curies":[{"name":"wp","href":"https:\/\/api.w.org\/{rel}","templated":true}]}}