{"id":842,"date":"2025-10-17T01:21:24","date_gmt":"2025-10-16T23:21:24","guid":{"rendered":"https:\/\/sim-reactor.com\/?post_type=product&#038;p=842"},"modified":"2026-03-21T12:28:08","modified_gmt":"2026-03-21T11:28:08","slug":"reactor-tension-add-on","status":"publish","type":"product","link":"https:\/\/sim-reactor.com\/de\/produkt\/reactor-tension-add-on\/","title":{"rendered":"REACTOR Tension (add-on)"},"content":{"rendered":"<p data-start=\"158\" data-end=\"219\"><strong data-start=\"158\" data-end=\"217\">REACTOR Tension \u2013 Active Dual Seatbelt (Add-On Version)<\/strong><\/p>\n<p data-start=\"221\" data-end=\"794\">Aktives Doppel-Gurtsystem als Addon-on, <strong data-start=\"273\" data-end=\"327\">nur f\u00fcr die gemeinsame Nutzung mit dem REACTOR Motion System<\/strong>. Der Gurtstraffer wird direkt an die REACTOR Motion Steuerung angeschlossen mit bis zu 15\u202fkg Zugkraft pro Seite f\u00fcr realistisches Brems- und Kurvenfeedback. Angesteuert \u00fcber <strong data-start=\"518\" data-end=\"528\">SimHub<\/strong> (SimHub + Motion Lizenz ben\u00f6tigt, nicht im Lieferumfang enthalten). Ben\u00f6tigt kein externes Netzteil, Nothalt oder USB-C Kabel, da die Strom- und Datenversorgung direkt \u00fcber die REACTOR Motion Steuerung erfolgt. Kompatibel mit <strong data-start=\"729\" data-end=\"776\">4\/5\/6 Punkt Gurten mit bis zu 3\u2033\/75mm breite<\/strong> (nicht im Lieferumfang).<\/p>\n<hr \/>\n<h3 data-start=\"796\" data-end=\"824\">Technische Details<\/h3>\n<ul data-start=\"826\" data-end=\"1184\">\n<li data-start=\"826\" data-end=\"864\">\n<p data-start=\"828\" data-end=\"864\"><strong data-start=\"828\" data-end=\"850\">Kraft pro Seite:<\/strong> Bis zu 15kg<\/p>\n<\/li>\n<li data-start=\"865\" data-end=\"955\">\n<p data-start=\"867\" data-end=\"955\"><strong data-start=\"867\" data-end=\"894\">Gurt Anforderung:<\/strong> 4\/5\/6 Punkt Gurte mit bis zu 3\u2033\/75mm breite (nicht inklusive)<\/p>\n<\/li>\n<li data-start=\"956\" data-end=\"1017\">\n<p data-start=\"958\" data-end=\"1017\"><strong data-start=\"958\" data-end=\"970\">Software:<\/strong> SimHub mit REACTOR Motion System Steuerbox<\/p>\n<\/li>\n<li data-start=\"1018\" data-end=\"1084\">\n<p data-start=\"1020\" data-end=\"1084\"><strong data-start=\"1020\" data-end=\"1033\">Befestigung:<\/strong> Adapterplatten mit Befestigungssatz f\u00fcr Aluminiumrigs<\/p>\n<\/li>\n<li data-start=\"1085\" data-end=\"1130\">\n<p data-start=\"1087\" data-end=\"1130\"><strong data-start=\"1087\" data-end=\"1110\">Abmessung (LxBxH)<\/strong> 430\u202f\u00d7\u202f84\u202f\u00d7\u202f150\u202fmm<\/p>\n<\/li>\n<li data-start=\"1131\" data-end=\"1184\">\n<p data-start=\"1133\" data-end=\"1184\"><strong data-start=\"1133\" data-end=\"1142\">Typ:<\/strong> Add-On - ben\u00f6tigt REACTOR Motion System<\/p>\n<\/li>\n<\/ul>\n<hr \/>\n<h3 data-start=\"1186\" data-end=\"1209\">Lieferumfang<\/h3>\n<ul data-start=\"1211\" data-end=\"1302\">\n<li data-start=\"1211\" data-end=\"1249\">\n<p data-start=\"1213\" data-end=\"1249\">REACTOR Tension - Aktives Doppel-Gurtsystem<\/p>\n<\/li>\n<li data-start=\"1250\" data-end=\"1302\">\n<p data-start=\"1252\" data-end=\"1302\">Adapterplatte mit Befestigungssatz (Item kompatibel)<\/p>\n<\/li>\n<\/ul>\n<p>&nbsp;<\/p>","protected":false},"excerpt":{"rendered":"<p>Lieferzeit bis zu 8-12 Wochen<\/p>","protected":false},"featured_media":911,"template":"","meta":[],"product_brand":[],"product_cat":[15],"product_tag":[],"class_list":{"0":"post-842","1":"product","2":"type-product","3":"status-publish","4":"has-post-thumbnail","6":"product_cat-overview","8":"first","9":"instock","10":"taxable","11":"shipping-taxable","12":"purchasable","13":"product-type-simple"},"_links":{"self":[{"href":"https:\/\/sim-reactor.com\/de\/wp-json\/wp\/v2\/product\/842","targetHints":{"allow":["GET"]}}],"collection":[{"href":"https:\/\/sim-reactor.com\/de\/wp-json\/wp\/v2\/product"}],"about":[{"href":"https:\/\/sim-reactor.com\/de\/wp-json\/wp\/v2\/types\/product"}],"wp:featuredmedia":[{"embeddable":true,"href":"https:\/\/sim-reactor.com\/de\/wp-json\/wp\/v2\/media\/911"}],"wp:attachment":[{"href":"https:\/\/sim-reactor.com\/de\/wp-json\/wp\/v2\/media?parent=842"}],"wp:term":[{"taxonomy":"product_brand","embeddable":true,"href":"https:\/\/sim-reactor.com\/de\/wp-json\/wp\/v2\/product_brand?post=842"},{"taxonomy":"product_cat","embeddable":true,"href":"https:\/\/sim-reactor.com\/de\/wp-json\/wp\/v2\/product_cat?post=842"},{"taxonomy":"product_tag","embeddable":true,"href":"https:\/\/sim-reactor.com\/de\/wp-json\/wp\/v2\/product_tag?post=842"}],"curies":[{"name":"wp","href":"https:\/\/api.w.org\/{rel}","templated":true}]}}