{"id":844,"date":"2025-10-17T01:48:38","date_gmt":"2025-10-16T23:48:38","guid":{"rendered":"https:\/\/sim-reactor.com\/?post_type=product&#038;p=844"},"modified":"2026-03-21T12:27:03","modified_gmt":"2026-03-21T11:27:03","slug":"reactor-tension-standalone","status":"publish","type":"product","link":"https:\/\/sim-reactor.com\/de\/produkt\/reactor-tension-standalone\/","title":{"rendered":"REACTOR Tension (Standalone)"},"content":{"rendered":"<p data-start=\"189\" data-end=\"254\"><strong data-start=\"189\" data-end=\"252\">REACTOR Tension \u2013 Active Dual Seatbelt (Standalone Version)<\/strong><\/p>\n<p data-start=\"256\" data-end=\"753\">eigenst\u00e4ndiges Aktives Doppel-Gurtsystem als Standalone. Mit bis zu 15\u202fkg Zugkraft pro Seite f\u00fcr realistisches Brems- und Kurvenfeedback. Angesteuert \u00fcber SimHub (SimHub + Motion Lizenz ben\u00f6tigt, nicht im Lieferumfang enthalten). Beiliegendes externes Netzteil (160W), Nothalt und USB-C Kabel. Passend zu 4\/5\/6 Punkt Gurten mit bis zu 3\u2033\/75mm breite (nicht im Lieferumfang enthalten).<\/p>\n<h3 data-start=\"755\" data-end=\"783\">Technische Details<\/h3>\n<ul data-start=\"785\" data-end=\"1253\">\n<li data-start=\"785\" data-end=\"823\">\n<p data-start=\"787\" data-end=\"823\"><strong data-start=\"787\" data-end=\"809\">Kraft pro Seite:<\/strong> Up to 15\u202fkg each<\/p>\n<\/li>\n<li data-start=\"824\" data-end=\"885\">\n<p data-start=\"826\" data-end=\"885\"><strong data-start=\"867\" data-end=\"894\">Gurt Anforderung:<\/strong> 4\/5\/6 Punkt Gurten mit bis zu 3\u2033\/75mm breite (nicht im Lieferumfang enthalten)<\/p>\n<\/li>\n<li data-start=\"886\" data-end=\"926\">\n<p data-start=\"888\" data-end=\"926\"><strong data-start=\"888\" data-end=\"897\">Daten\u00fcbertragung:<\/strong> USB-C (3m Kabel enthalten)<\/p>\n<\/li>\n<li data-start=\"976\" data-end=\"1030\">\n<p data-start=\"978\" data-end=\"1030\"><strong data-start=\"978\" data-end=\"990\">Software:<\/strong> Integriert \u00fcber Simhub (Lizenz erforderlich)<\/p>\n<\/li>\n<li data-start=\"1031\" data-end=\"1097\">\n<p data-start=\"1033\" data-end=\"1097\"><strong data-start=\"1033\" data-end=\"1046\">Befestigung:<\/strong> Adapterplatten mit Befestigungssatz f\u00fcr Aluminiumrigs<\/p>\n<\/li>\n<li data-start=\"1098\" data-end=\"1144\">\n<p data-start=\"1100\" data-end=\"1144\"><strong data-start=\"1100\" data-end=\"1111\">Sicherheit:<\/strong> Not-halt Schalter (beiliegend)<\/p>\n<\/li>\n<li data-start=\"1145\" data-end=\"1190\">\n<p data-start=\"1147\" data-end=\"1190\"><strong data-start=\"1147\" data-end=\"1170\">Abmessung (LxBxH)<\/strong> 430\u202f\u00d7\u202f84\u202f\u00d7\u202f150\u202fmm<\/p>\n<\/li>\n<li data-start=\"1191\" data-end=\"1253\">\n<p data-start=\"1193\" data-end=\"1253\"><strong data-start=\"1193\" data-end=\"1202\">Typ:<\/strong> Standalone - funktioniert ohne das REACTOR Motion System<\/p>\n<\/li>\n<\/ul>\n<p>&nbsp;<\/p>\n<h3 data-start=\"1255\" data-end=\"1278\">Lieferumfang<\/h3>\n<ul data-start=\"1280\" data-end=\"1462\">\n<li data-start=\"1280\" data-end=\"1318\">\n<p data-start=\"1282\" data-end=\"1318\">REACTOR Tension - Aktives Doppel-Gurtsystem<\/p>\n<\/li>\n<li data-start=\"1319\" data-end=\"1350\">\n<p data-start=\"1321\" data-end=\"1350\">3m USB-C auf USB-A Kabel<\/p>\n<\/li>\n<li data-start=\"1351\" data-end=\"1383\">\n<p data-start=\"1353\" data-end=\"1383\">externes 160 W Netzteil<\/p>\n<\/li>\n<li data-start=\"1384\" data-end=\"1436\">\n<p data-start=\"1386\" data-end=\"1436\">Adapterplatte mit Befestigungssatz (Item kompatibel)<\/p>\n<\/li>\n<li data-start=\"1437\" data-end=\"1462\">\n<p data-start=\"1439\" data-end=\"1462\">Not Halt Schalter<\/p>\n<\/li>\n<\/ul>\n<p>&nbsp;<\/p>\n<p>&nbsp;<\/p>","protected":false},"excerpt":{"rendered":"<p>REACTOR Tension \u2013 Active Dual Seatbelt (Standalone Version) Standalone active dual seatbelt system with up to 15\u202fkg pull force per channel for realistic braking, and cornering feedback. Works independently of the REACTOR Motion System. Controlled via SimHub (general SimHub + Motion license required, not included). USB-C (3\u202fm) for data; power via included 160\u202fW external adapter. [&hellip;]<\/p>\n","protected":false},"featured_media":911,"template":"","meta":[],"product_brand":[],"product_cat":[15],"product_tag":[],"class_list":{"0":"post-844","1":"product","2":"type-product","3":"status-publish","4":"has-post-thumbnail","6":"product_cat-overview","8":"first","9":"instock","10":"taxable","11":"shipping-taxable","12":"purchasable","13":"product-type-simple"},"_links":{"self":[{"href":"https:\/\/sim-reactor.com\/de\/wp-json\/wp\/v2\/product\/844","targetHints":{"allow":["GET"]}}],"collection":[{"href":"https:\/\/sim-reactor.com\/de\/wp-json\/wp\/v2\/product"}],"about":[{"href":"https:\/\/sim-reactor.com\/de\/wp-json\/wp\/v2\/types\/product"}],"wp:featuredmedia":[{"embeddable":true,"href":"https:\/\/sim-reactor.com\/de\/wp-json\/wp\/v2\/media\/911"}],"wp:attachment":[{"href":"https:\/\/sim-reactor.com\/de\/wp-json\/wp\/v2\/media?parent=844"}],"wp:term":[{"taxonomy":"product_brand","embeddable":true,"href":"https:\/\/sim-reactor.com\/de\/wp-json\/wp\/v2\/product_brand?post=844"},{"taxonomy":"product_cat","embeddable":true,"href":"https:\/\/sim-reactor.com\/de\/wp-json\/wp\/v2\/product_cat?post=844"},{"taxonomy":"product_tag","embeddable":true,"href":"https:\/\/sim-reactor.com\/de\/wp-json\/wp\/v2\/product_tag?post=844"}],"curies":[{"name":"wp","href":"https:\/\/api.w.org\/{rel}","templated":true}]}}